{"id":44,"date":"2025-06-07T14:21:46","date_gmt":"2025-06-07T14:21:46","guid":{"rendered":"https:\/\/indata.uy\/33ia\/?page_id=44"},"modified":"2025-06-07T18:26:52","modified_gmt":"2025-06-07T18:26:52","slug":"blog","status":"publish","type":"page","link":"https:\/\/indata.uy\/33ia\/blog\/","title":{"rendered":"Blog"},"content":{"rendered":"<style type='text\/css' media='all'>#rt-tpg-container-533051529 .rt-holder .rt-woo-info .price{color:#ff8e30;}body .rt-tpg-container .rt-tpg-isotope-buttons .selected,\n\t\t\t\t\t#rt-tpg-container-533051529 .layout12 .rt-holder:hover .rt-detail,\n\t\t\t\t\t#rt-tpg-container-533051529 .isotope8 .rt-holder:hover .rt-detail,\n\t\t\t\t\t#rt-tpg-container-533051529 .carousel8 .rt-holder:hover .rt-detail,\n\t\t\t\t\t#rt-tpg-container-533051529 .layout13 .rt-holder .overlay .post-info,\n\t\t\t\t\t#rt-tpg-container-533051529 .isotope9 .rt-holder .overlay .post-info,\n\t\t\t\t\t#rt-tpg-container-533051529.rt-tpg-container .layout4 .rt-holder .rt-detail,\n\t\t\t\t\t.rt-modal-533051529 .md-content,\n\t\t\t\t\t.rt-modal-533051529 .md-content > .rt-md-content-holder .rt-md-content,\n\t\t\t\t\t.rt-popup-wrap-533051529.rt-popup-wrap .rt-popup-navigation-wrap,\n\t\t\t\t\t#rt-tpg-container-533051529 .carousel9 .rt-holder .overlay .post-info{background-color:#ff8e30;}#rt-tpg-container-533051529 .layout5 .rt-holder .overlay, #rt-tpg-container-533051529 .isotope2 .rt-holder .overlay, #rt-tpg-container-533051529 .carousel2 .rt-holder .overlay,#rt-tpg-container-533051529 .layout15 .rt-holder h3, #rt-tpg-container-533051529 .isotope11 .rt-holder h3, #rt-tpg-container-533051529 .carousel11 .rt-holder h3, #rt-tpg-container-533051529 .layout16 .rt-holder h3,\n\t\t\t\t\t#rt-tpg-container-533051529 .isotope12 .rt-holder h3, #rt-tpg-container-533051529 .carousel12 .rt-holder h3 {background-color:rgba(255,142,48,0.8);}#rt-tpg-container-533051529 .pagination-list li a,\n\t\t\t\t\trt-tpg-container-533051529 .pagination-list li span,\n\t\t\t\t\trt-tpg-container-533051529 .pagination li a,\n\t\t\t\t\t#rt-tpg-container-533051529 .rt-tpg-isotope-buttons button,\n\t\t\t\t\t#rt-tpg-container-533051529 .rt-tpg-utility .rt-tpg-load-more button,\n\t\t\t\t\t#rt-tpg-container-533051529.rt-tpg-container .swiper-navigation .slider-btn,\n\t\t\t\t\t#rt-tpg-container-533051529.rt-tpg-container .swiper-pagination-bullet,\n\t\t\t\t\t#rt-tpg-container-533051529 .wc1 .rt-holder .rt-img-holder .overlay .product-more ul li a,\n\t\t\t\t\t#rt-tpg-container-533051529 .wc2 .rt-detail .rt-wc-add-to-cart,\n\t\t\t\t\t#rt-tpg-container-533051529 .wc3 .rt-detail .rt-wc-add-to-cart,\n\t\t\t\t\t#rt-tpg-container-533051529 .wc4 .rt-detail .rt-wc-add-to-cart,\n\t\t\t\t\t#rt-tpg-container-533051529 .wc-carousel2 .rt-detail .rt-wc-add-to-cart,\n\t\t\t\t\t#rt-tpg-container-533051529 .wc-isotope2 .rt-detail .rt-wc-add-to-cart,\n\t\t\t\t\t#rt-tpg-container-533051529 .rt-layout-filter-container .rt-filter-wrap .rt-filter-item-wrap.rt-filter-dropdown-wrap .rt-filter-dropdown,\n\t\t\t\t\t#rt-tpg-container-533051529 .rt-layout-filter-container .rt-filter-sub-tax.sub-button-group .rt-filter-button-item,\n\t\t\t\t\t#rt-tpg-container-533051529.rt-tpg-container .rt-pagination-wrap .rt-page-numbers .paginationjs .paginationjs-pages ul li>a,\n\t\t\t\t\t#rt-tpg-container-533051529 .rt-filter-item-wrap.rt-filter-button-wrap span.rt-filter-button-item,\n\t\t\t\t\t#rt-tpg-container-533051529.rt-tpg-container .rt-pagination-wrap  .rt-loadmore-btn,\n\t\t\t\t\t#rt-tpg-container-533051529.rt-tpg-container .rt-pagination-wrap .rt-cb-page-prev-next > *,\n\t\t\t\t\t#rt-tpg-container-533051529 .rt-read-more,\n\t\t\t\t\t#rt-tooltip-533051529, #rt-tooltip-533051529 .rt-tooltip-bottom:after{background-color:#ff8e30;}#rt-tpg-container-533051529 .rt-filter-item-wrap.rt-filter-button-wrap span.rt-filter-button-item,\n\t\t\t\t\t#rt-tpg-container-533051529 .rt-layout-filter-container .rt-filter-sub-tax.sub-button-group .rt-filter-button-item{border-color:#ff8e30;}#rt-tpg-container-533051529.rt-tpg-container .layout17 .rt-holder .overlay a.tpg-zoom .fa{color:#ff8e30;}#rt-tpg-container-533051529 .rt-holder .read-more a {background-color:#ff8e30;padding: 8px 15px;}#rt-tpg-container-533051529 .pagination-list li a:hover,\n\t\t\t\t\t#rt-tpg-container-533051529 .pagination li a:hover,\n\t\t\t\t\t#rt-tpg-container-533051529 .rt-tpg-isotope-buttons button:hover,\n\t\t\t\t\t#rt-tpg-container-533051529 .rt-holder .read-more a:hover,\n\t\t\t\t\t#rt-tpg-container-533051529 .rt-tpg-utility .rt-tpg-load-more button:hover,\n\t\t\t\t\t#rt-tpg-container-533051529.rt-tpg-container .swiper-pagination-bullet:hover,\n\t\t\t\t\t#rt-tpg-container-533051529.rt-tpg-container .swiper-navigation .slider-btn:hover,\n\t\t\t\t\t#rt-tpg-container-533051529 .wc1 .rt-holder .rt-img-holder .overlay .product-more ul li a:hover,\n\t\t\t\t\t#rt-tpg-container-533051529 .wc2 .rt-detail .rt-wc-add-to-cart:hover,\n\t\t\t\t\t#rt-tpg-container-533051529 .wc3 .rt-detail .rt-wc-add-to-cart:hover,\n\t\t\t\t\t#rt-tpg-container-533051529 .wc4 .rt-detail .rt-wc-add-to-cart:hover,\n\t\t\t\t\t#rt-tpg-container-533051529 .wc-carousel2 .rt-detail .rt-wc-add-to-cart:hover,\n\t\t\t\t\t#rt-tpg-container-533051529 .wc-isotope2 .rt-detail .rt-wc-add-to-cart:hover,\n\t\t\t\t\t#rt-tpg-container-533051529 .rt-layout-filter-container .rt-filter-wrap .rt-filter-item-wrap.rt-filter-dropdown-wrap .rt-filter-dropdown .rt-filter-dropdown-item:hover,\n\t\t\t\t\t#rt-tpg-container-533051529 .rt-layout-filter-container .rt-filter-wrap .rt-filter-item-wrap.rt-filter-dropdown-wrap .rt-filter-dropdown .rt-filter-dropdown-item.selected,\n\t\t\t\t\t#rt-tpg-container-533051529 .rt-filter-item-wrap.rt-filter-button-wrap span.rt-filter-button-item:hover,\n\t\t\t\t\t#rt-tpg-container-533051529 .rt-layout-filter-container .rt-filter-sub-tax.sub-button-group .rt-filter-button-item:hover,\n\t\t\t\t\t#rt-tpg-container-533051529.rt-tpg-container .rt-pagination-wrap .rt-page-numbers .paginationjs .paginationjs-pages ul li>a:hover,\n\t\t\t\t\t#rt-tpg-container-533051529.rt-tpg-container .rt-pagination-wrap .rt-cb-page-prev-next > *:hover,\n\t\t\t\t\t#rt-tpg-container-533051529.rt-tpg-container .rt-pagination-wrap  .rt-loadmore-btn:hover,\n\t\t\t\t\t#rt-tpg-container-533051529 .rt-read-more:hover,\n\t\t\t\t\t#rt-tpg-container-533051529 .rt-tpg-utility .rt-tpg-load-more button:hover{background-color:#ffffff;}#rt-tpg-container-533051529 .rt-filter-item-wrap.rt-filter-button-wrap span.rt-filter-button-item:hover,\n\t\t\t\t\t\t#rt-tpg-container-533051529 .rt-layout-filter-container .rt-filter-sub-tax.sub-button-group .rt-filter-button-item:hover,\n\t\t\t\t\t\t#rt-tpg-container-533051529.rt-tpg-container .swiper-navigation .slider-btn:hover,\n\t\t\t\t\t\t#rt-tpg-container-533051529.rt-tpg-container .rt-pagination-wrap .rt-page-numbers .paginationjs .paginationjs-pages ul li>a:hover{border-color:#ffffff;}#rt-tpg-container-533051529.rt-tpg-container .layout17 .rt-holder .overlay a.tpg-zoom:hover .fa{color:#ffffff;}#rt-tpg-container-533051529 .rt-filter-item-wrap.rt-filter-button-wrap span.rt-filter-button-item:hover,\n\t\t\t\t\t#rt-tpg-container-533051529 .rt-holder .read-more a:hover,\n\t\t\t\t\t#rt-tpg-container-533051529.rt-tpg-container .swiper-navigation .slider-btn:hover,\n\t\t\t\t\t#rt-tpg-container-533051529 .rt-layout-filter-container .rt-filter-sub-tax.sub-button-group .rt-filter-button-item:hover,\n\t\t\t\t\t#rt-tpg-container-533051529 .rt-layout-filter-container .rt-filter-wrap .rt-filter-item-wrap.rt-filter-dropdown-wrap .rt-filter-dropdown .rt-filter-dropdown-item:hover,\n\t\t\t\t\t#rt-tpg-container-533051529 .rt-layout-filter-container .rt-filter-wrap .rt-filter-item-wrap.rt-filter-dropdown-wrap .rt-filter-dropdown .rt-filter-dropdown-item.selected,\n\t\t\t\t\t#rt-tpg-container-533051529 .rt-layout-filter-container .rt-filter-wrap .rt-filter-item-wrap.rt-sort-order-action:hover,\n\t\t\t\t\t#rt-tpg-container-533051529.rt-tpg-container .rt-pagination-wrap .rt-page-numbers .paginationjs .paginationjs-pages ul li.active>a:hover,\n\t\t\t\t\t#rt-tpg-container-533051529 .rt-filter-item-wrap.rt-filter-button-wrap span.rt-filter-button-item.selected,\n\t\t\t\t\t#rt-tpg-container-533051529 .rt-layout-filter-container .rt-filter-wrap .rt-filter-item-wrap.rt-sort-order-action,\n\t\t\t\t\t#rt-tpg-container-533051529.rt-tpg-container .rt-pagination-wrap  .rt-loadmore-btn:hover,\n\t\t\t\t\t#rt-tpg-container-533051529 .rt-read-more:hover,\n\t\t\t\t\t#rt-tpg-container-533051529.rt-tpg-container .rt-pagination-wrap .rt-page-numbers .paginationjs .paginationjs-pages ul li.active>a{color:#ff8e30;}#rt-tpg-container-533051529 .read-more a{border-radius:px;}#rt-tpg-container-533051529 .rt-img-holder img.rt-img-responsive,#rt-tpg-container-533051529 .rt-img-holder,\n\t\t\t\t\t#rt-tpg-container-533051529 .rt-post-overlay .post-img,\n\t\t\t\t\t#rt-tpg-container-533051529 .post-sm .post-img,\n\t\t\t\t\t#rt-tpg-container-533051529 .rt-post-grid .post-img,\n\t\t\t\t\t#rt-tpg-container-533051529 .post-img img {border-radius:px;}<\/style><div class='rt-container-fluid rt-tpg-container tpg-shortcode-main-wrapper ' id='rt-tpg-container-533051529'   data-layout='layout12' data-grid-style='even' data-desktop-col='3'  data-tab-col='2'  data-mobile-col='1' data-sc-id='84'><div data-title='Cargando...' class='rt-row rt-content-loader   layout12 tpg-even '><div class=\"rt-col-md-4 rt-col-sm-6 rt-col-xs-12 even-grid-item rt-grid-item\" data-id=\"58\"><div class=\"rt-holder\"><div class=\"rt-img-holder\"><a data-id='58' class='' href='https:\/\/indata.uy\/33ia\/el-futuro-del-trabajo-en-treinta-y-tres-ya-comenzo\/'><img loading=\"lazy\" decoding=\"async\" width=\"1536\" height=\"1024\" src=\"https:\/\/indata.uy\/33ia\/wp-content\/uploads\/2025\/06\/f93c530f-a439-43f1-8e68-3b522a83d41a.png\" class=\"rt-img-responsive \" alt=\"\" \/><\/a><\/div> <div class='rt-detail'><div class='post-meta-user '><span class='date-meta'><i class='far fa-calendar-alt '><\/i>junio 4, 2025<\/span><span class='author'><i class='fa fa-user '><\/i><a href=\"https:\/\/indata.uy\/33ia\/author\/admin-srebollo\/\">Sergio Rebollo<\/a><\/span><span class='categories-links'><i class='fas fa-folder-open '><\/i><a class=\"blog\" href=\"https:\/\/indata.uy\/33ia\/category\/blog\/\" rel=\"tag\">Blog<\/a><\/span><span class=\"comment-count\"><a href=\"https:\/\/indata.uy\/33ia\/el-futuro-del-trabajo-en-treinta-y-tres-ya-comenzo\/#respond\"><i class='fas fa-comments '><\/i>0<\/a><\/span><\/div><h3 class=\"entry-title\"><a data-id=\"58\" class=\"\" href=\"https:\/\/indata.uy\/33ia\/el-futuro-del-trabajo-en-treinta-y-tres-ya-comenzo\/\">El futuro del trabajo en Treinta y Tres ya comenz\u00f3<\/a><\/h3><div class='tpg-excerpt'>Vivimos en un mundo que cambia m\u00e1s r\u00e1pido de lo que nuestros modelos tradicionales pueden...<\/div><div class='post-meta '><span class='read-more'><a data-id='58' class='' href='https:\/\/indata.uy\/33ia\/el-futuro-del-trabajo-en-treinta-y-tres-ya-comenzo\/'>Leer m\u00e1s<\/a><\/span><\/div><\/div><\/div><\/div><div class=\"rt-col-md-4 rt-col-sm-6 rt-col-xs-12 even-grid-item rt-grid-item\" data-id=\"53\"><div class=\"rt-holder\"><div class=\"rt-img-holder\"><a data-id='53' class='' href='https:\/\/indata.uy\/33ia\/de-tierra-fertil-a-mente-fertil-sembrando-innovacion-en-el-este\/'><img loading=\"lazy\" decoding=\"async\" width=\"1536\" height=\"1024\" src=\"https:\/\/indata.uy\/33ia\/wp-content\/uploads\/2025\/06\/6F4C3B85-E30E-409A-98B6-79A527D0D719.png\" class=\"rt-img-responsive \" alt=\"\" \/><\/a><\/div> <div class='rt-detail'><div class='post-meta-user '><span class='date-meta'><i class='far fa-calendar-alt '><\/i>junio 2, 2025<\/span><span class='author'><i class='fa fa-user '><\/i><a href=\"https:\/\/indata.uy\/33ia\/author\/admin-srebollo\/\">Sergio Rebollo<\/a><\/span><span class='categories-links'><i class='fas fa-folder-open '><\/i><a class=\"blog\" href=\"https:\/\/indata.uy\/33ia\/category\/blog\/\" rel=\"tag\">Blog<\/a><\/span><span class=\"comment-count\"><a href=\"https:\/\/indata.uy\/33ia\/de-tierra-fertil-a-mente-fertil-sembrando-innovacion-en-el-este\/#respond\"><i class='fas fa-comments '><\/i>0<\/a><\/span><\/div><h3 class=\"entry-title\"><a data-id=\"53\" class=\"\" href=\"https:\/\/indata.uy\/33ia\/de-tierra-fertil-a-mente-fertil-sembrando-innovacion-en-el-este\/\">De tierra f\u00e9rtil a mente f\u00e9rtil: sembrando innovaci\u00f3n en el Este<\/a><\/h3><div class='tpg-excerpt'>33IA nace para transformar Treinta y Tres en un ecosistema de aprendizaje, colaboraci\u00f3n y futuro...<\/div><div class='post-meta '><span class='read-more'><a data-id='53' class='' href='https:\/\/indata.uy\/33ia\/de-tierra-fertil-a-mente-fertil-sembrando-innovacion-en-el-este\/'>Leer m\u00e1s<\/a><\/span><\/div><\/div><\/div><\/div><div class=\"rt-col-md-4 rt-col-sm-6 rt-col-xs-12 even-grid-item rt-grid-item\" data-id=\"86\"><div class=\"rt-holder\"><div class=\"rt-img-holder\"><a data-id='86' class='' href='https:\/\/indata.uy\/33ia\/charlas-que-transforman-el-26-de-junio-hablamos-de-ia-y-futuro-en-treinta-y-tres\/'><img loading=\"lazy\" decoding=\"async\" width=\"1536\" height=\"1024\" src=\"https:\/\/indata.uy\/33ia\/wp-content\/uploads\/2025\/06\/INTRODUCCION-A-LA-1536-x-1024-px.jpg\" class=\"rt-img-responsive \" alt=\"\" \/><\/a><\/div> <div class='rt-detail'><div class='post-meta-user '><span class='date-meta'><i class='far fa-calendar-alt '><\/i>junio 7, 2025<\/span><span class='author'><i class='fa fa-user '><\/i><a href=\"https:\/\/indata.uy\/33ia\/author\/admin-srebollo\/\">Sergio Rebollo<\/a><\/span><span class='categories-links'><i class='fas fa-folder-open '><\/i><a class=\"blog\" href=\"https:\/\/indata.uy\/33ia\/category\/blog\/\" rel=\"tag\">Blog<\/a><\/span><span class=\"comment-count\"><a href=\"https:\/\/indata.uy\/33ia\/charlas-que-transforman-el-26-de-junio-hablamos-de-ia-y-futuro-en-treinta-y-tres\/#respond\"><i class='fas fa-comments '><\/i>0<\/a><\/span><\/div><h3 class=\"entry-title\"><a data-id=\"86\" class=\"\" href=\"https:\/\/indata.uy\/33ia\/charlas-que-transforman-el-26-de-junio-hablamos-de-ia-y-futuro-en-treinta-y-tres\/\">Charlas que transforman: el 26 de junio hablamos de IA y futuro en Treinta y Tres<\/a><\/h3><div class='tpg-excerpt'>Una invitaci\u00f3n abierta a la comunidad para descubrir c\u00f3mo la inteligencia artificial puede generar oportunidades...<\/div><div class='post-meta '><span class='read-more'><a data-id='86' class='' href='https:\/\/indata.uy\/33ia\/charlas-que-transforman-el-26-de-junio-hablamos-de-ia-y-futuro-en-treinta-y-tres\/'>Leer m\u00e1s<\/a><\/span><\/div><\/div><\/div><\/div><div class=\"rt-col-md-4 rt-col-sm-6 rt-col-xs-12 even-grid-item rt-grid-item\" data-id=\"95\"><div class=\"rt-holder\"><div class=\"rt-img-holder\"><a data-id='95' class='' href='https:\/\/indata.uy\/33ia\/ahorra-tiempo-y-mejora-tu-productividad-con-inteligencia-artificial\/'><img loading=\"lazy\" decoding=\"async\" width=\"1536\" height=\"1024\" src=\"https:\/\/indata.uy\/33ia\/wp-content\/uploads\/2025\/06\/aabd9d29-399a-4b9f-b07c-70284dcc96b1.png\" class=\"rt-img-responsive \" alt=\"\" \/><\/a><\/div> <div class='rt-detail'><div class='post-meta-user '><span class='date-meta'><i class='far fa-calendar-alt '><\/i>junio 7, 2025<\/span><span class='author'><i class='fa fa-user '><\/i><a href=\"https:\/\/indata.uy\/33ia\/author\/admin-srebollo\/\">Sergio Rebollo<\/a><\/span><span class='categories-links'><i class='fas fa-folder-open '><\/i><a class=\"blog\" href=\"https:\/\/indata.uy\/33ia\/category\/blog\/\" rel=\"tag\">Blog<\/a><\/span><span class=\"comment-count\"><a href=\"https:\/\/indata.uy\/33ia\/ahorra-tiempo-y-mejora-tu-productividad-con-inteligencia-artificial\/#respond\"><i class='fas fa-comments '><\/i>0<\/a><\/span><\/div><h3 class=\"entry-title\"><a data-id=\"95\" class=\"\" href=\"https:\/\/indata.uy\/33ia\/ahorra-tiempo-y-mejora-tu-productividad-con-inteligencia-artificial\/\">Ahorr\u00e1 tiempo y mejor\u00e1 tu productividad con inteligencia artificial<\/a><\/h3><div class='tpg-excerpt'>No se trata de trabajar m\u00e1s, sino de trabajar mejor. La IA ya est\u00e1 ayudando...<\/div><div class='post-meta '><span class='read-more'><a data-id='95' class='' href='https:\/\/indata.uy\/33ia\/ahorra-tiempo-y-mejora-tu-productividad-con-inteligencia-artificial\/'>Leer m\u00e1s<\/a><\/span><\/div><\/div><\/div><\/div><div class=\"rt-col-md-4 rt-col-sm-6 rt-col-xs-12 even-grid-item rt-grid-item\" data-id=\"56\"><div class=\"rt-holder\"><div class=\"rt-img-holder\"><a data-id='56' class='' href='https:\/\/indata.uy\/33ia\/y-si-en-vez-de-tener-miedo-a-la-ia-la-usamos-para-crear-empleo\/'><img loading=\"lazy\" decoding=\"async\" width=\"1536\" height=\"1024\" src=\"https:\/\/indata.uy\/33ia\/wp-content\/uploads\/2025\/06\/28a03e5d-7824-4dbe-b873-c2f98173f086.png\" class=\"rt-img-responsive \" alt=\"\" \/><\/a><\/div> <div class='rt-detail'><div class='post-meta-user '><span class='date-meta'><i class='far fa-calendar-alt '><\/i>junio 3, 2025<\/span><span class='author'><i class='fa fa-user '><\/i><a href=\"https:\/\/indata.uy\/33ia\/author\/admin-srebollo\/\">Sergio Rebollo<\/a><\/span><span class='categories-links'><i class='fas fa-folder-open '><\/i><a class=\"blog\" href=\"https:\/\/indata.uy\/33ia\/category\/blog\/\" rel=\"tag\">Blog<\/a><\/span><span class=\"comment-count\"><a href=\"https:\/\/indata.uy\/33ia\/y-si-en-vez-de-tener-miedo-a-la-ia-la-usamos-para-crear-empleo\/#respond\"><i class='fas fa-comments '><\/i>0<\/a><\/span><\/div><h3 class=\"entry-title\"><a data-id=\"56\" class=\"\" href=\"https:\/\/indata.uy\/33ia\/y-si-en-vez-de-tener-miedo-a-la-ia-la-usamos-para-crear-empleo\/\">\u00bfY si en vez de tener miedo a la IA, la usamos para crear empleo?<\/a><\/h3><div class='tpg-excerpt'>Tecnolog\u00eda con alma: c\u00f3mo la IA puede ayudar a mejorar procesos y abrir nuevas fuentes...<\/div><div class='post-meta '><span class='read-more'><a data-id='56' class='' href='https:\/\/indata.uy\/33ia\/y-si-en-vez-de-tener-miedo-a-la-ia-la-usamos-para-crear-empleo\/'>Leer m\u00e1s<\/a><\/span><\/div><\/div><\/div><\/div><div class=\"rt-col-md-4 rt-col-sm-6 rt-col-xs-12 even-grid-item rt-grid-item\" data-id=\"90\"><div class=\"rt-holder\"><div class=\"rt-img-holder\"><a data-id='90' class='' href='https:\/\/indata.uy\/33ia\/y-si-cambias-el-miedo-por-curiosidad\/'><img loading=\"lazy\" decoding=\"async\" width=\"1536\" height=\"1024\" src=\"https:\/\/indata.uy\/33ia\/wp-content\/uploads\/2025\/06\/4fe806fa-aeb5-4d42-b959-0aa9b491e657.png\" class=\"rt-img-responsive \" alt=\"\" \/><\/a><\/div> <div class='rt-detail'><div class='post-meta-user '><span class='date-meta'><i class='far fa-calendar-alt '><\/i>junio 5, 2025<\/span><span class='author'><i class='fa fa-user '><\/i><a href=\"https:\/\/indata.uy\/33ia\/author\/admin-srebollo\/\">Sergio Rebollo<\/a><\/span><span class='categories-links'><i class='fas fa-folder-open '><\/i><a class=\"blog\" href=\"https:\/\/indata.uy\/33ia\/category\/blog\/\" rel=\"tag\">Blog<\/a><\/span><span class=\"comment-count\"><a href=\"https:\/\/indata.uy\/33ia\/y-si-cambias-el-miedo-por-curiosidad\/#respond\"><i class='fas fa-comments '><\/i>0<\/a><\/span><\/div><h3 class=\"entry-title\"><a data-id=\"90\" class=\"\" href=\"https:\/\/indata.uy\/33ia\/y-si-cambias-el-miedo-por-curiosidad\/\">\u00bfY si cambi\u00e1s el miedo por curiosidad?<\/a><\/h3><div class='tpg-excerpt'>La inteligencia artificial no vino a reemplazarte, vino a invitarte a pensar diferente. Hay una...<\/div><div class='post-meta '><span class='read-more'><a data-id='90' class='' href='https:\/\/indata.uy\/33ia\/y-si-cambias-el-miedo-por-curiosidad\/'>Leer m\u00e1s<\/a><\/span><\/div><\/div><\/div><\/div><div class=\"rt-col-md-4 rt-col-sm-6 rt-col-xs-12 even-grid-item rt-grid-item\" data-id=\"111\"><div class=\"rt-holder\"><div class=\"rt-img-holder\"><a data-id='111' class='' href='https:\/\/indata.uy\/33ia\/que-hacemos-con-el-tiempo-que-la-ia-nos-ahorra\/'><img loading=\"lazy\" decoding=\"async\" width=\"1536\" height=\"1024\" src=\"https:\/\/indata.uy\/33ia\/wp-content\/uploads\/2025\/07\/tiempo.png\" class=\"rt-img-responsive \" alt=\"\" \/><\/a><\/div> <div class='rt-detail'><div class='post-meta-user '><span class='date-meta'><i class='far fa-calendar-alt '><\/i>julio 2, 2025<\/span><span class='author'><i class='fa fa-user '><\/i><a href=\"https:\/\/indata.uy\/33ia\/author\/admin-srebollo\/\">Sergio Rebollo<\/a><\/span><span class='categories-links'><i class='fas fa-folder-open '><\/i><a class=\"blog\" href=\"https:\/\/indata.uy\/33ia\/category\/blog\/\" rel=\"tag\">Blog<\/a><\/span><span class=\"comment-count\"><a href=\"https:\/\/indata.uy\/33ia\/que-hacemos-con-el-tiempo-que-la-ia-nos-ahorra\/#respond\"><i class='fas fa-comments '><\/i>0<\/a><\/span><\/div><h3 class=\"entry-title\"><a data-id=\"111\" class=\"\" href=\"https:\/\/indata.uy\/33ia\/que-hacemos-con-el-tiempo-que-la-ia-nos-ahorra\/\">\u00bfQu\u00e9 hacemos con el tiempo que la IA nos ahorra?<\/a><\/h3><div class='tpg-excerpt'>Mientras viajaba desde Montevideo, como cada mi\u00e9rcoles, me acompa\u00f1aba un podcast que me gusta mucho:...<\/div><div class='post-meta '><span class='read-more'><a data-id='111' class='' href='https:\/\/indata.uy\/33ia\/que-hacemos-con-el-tiempo-que-la-ia-nos-ahorra\/'>Leer m\u00e1s<\/a><\/span><\/div><\/div><\/div><\/div><\/div><\/div>\n","protected":false},"excerpt":{"rendered":"","protected":false},"author":1,"featured_media":0,"parent":0,"menu_order":0,"comment_status":"closed","ping_status":"closed","template":"full-width.php","meta":{"footnotes":""},"class_list":["post-44","page","type-page","status-publish","hentry"],"aioseo_notices":[],"rttpg_featured_image_url":null,"rttpg_author":{"display_name":"Sergio Rebollo","author_link":"https:\/\/indata.uy\/33ia\/author\/admin-srebollo\/"},"rttpg_comment":0,"rttpg_category":"","rttpg_excerpt":null,"_links":{"self":[{"href":"https:\/\/indata.uy\/33ia\/wp-json\/wp\/v2\/pages\/44","targetHints":{"allow":["GET"]}}],"collection":[{"href":"https:\/\/indata.uy\/33ia\/wp-json\/wp\/v2\/pages"}],"about":[{"href":"https:\/\/indata.uy\/33ia\/wp-json\/wp\/v2\/types\/page"}],"author":[{"embeddable":true,"href":"https:\/\/indata.uy\/33ia\/wp-json\/wp\/v2\/users\/1"}],"replies":[{"embeddable":true,"href":"https:\/\/indata.uy\/33ia\/wp-json\/wp\/v2\/comments?post=44"}],"version-history":[{"count":3,"href":"https:\/\/indata.uy\/33ia\/wp-json\/wp\/v2\/pages\/44\/revisions"}],"predecessor-version":[{"id":85,"href":"https:\/\/indata.uy\/33ia\/wp-json\/wp\/v2\/pages\/44\/revisions\/85"}],"wp:attachment":[{"href":"https:\/\/indata.uy\/33ia\/wp-json\/wp\/v2\/media?parent=44"}],"curies":[{"name":"wp","href":"https:\/\/api.w.org\/{rel}","templated":true}]}}