{"id":99,"date":"2025-06-07T20:59:07","date_gmt":"2025-06-07T20:59:07","guid":{"rendered":"https:\/\/indata.uy\/33ia\/?page_id=99"},"modified":"2025-06-07T21:00:15","modified_gmt":"2025-06-07T21:00:15","slug":"que-es-33ia","status":"publish","type":"page","link":"https:\/\/indata.uy\/33ia\/que-es-33ia\/","title":{"rendered":"Qu\u00e9 es 33IA?"},"content":{"rendered":"<h3 data-start=\"244\" data-end=\"537\"><strong data-start=\"244\" data-end=\"252\">33IA<\/strong> es una comunidad de innovaci\u00f3n, formaci\u00f3n y acci\u00f3n tecnol\u00f3gica que nace en el departamento de Treinta y Tres con una misi\u00f3n clara:<br data-start=\"383\" data-end=\"386\" \/><strong data-start=\"386\" data-end=\"537\">acercar la inteligencia artificial a las personas, empresas e instituciones del interior del pa\u00eds, para generar oportunidades reales de desarrollo.<\/strong><\/h3>\n<hr data-start=\"539\" data-end=\"542\" \/>\n<h3 data-start=\"544\" data-end=\"580\">\ud83c\udf31 Nace desde una necesidad real<\/h3>\n<p data-start=\"582\" data-end=\"873\">En Treinta y Tres enfrentamos desaf\u00edos como el <strong data-start=\"629\" data-end=\"649\">16% de desempleo<\/strong>, el cierre de comercios y una creciente brecha digital.<br data-start=\"705\" data-end=\"708\" \/>Frente a eso, decidimos no quedarnos de brazos cruzados.<br data-start=\"764\" data-end=\"767\" \/><strong data-start=\"767\" data-end=\"873\">33IA nace como respuesta a una pregunta: \u00bfc\u00f3mo usamos la tecnolog\u00eda para transformar nuestra realidad?<\/strong><\/p>\n<hr data-start=\"875\" data-end=\"878\" \/>\n<h3 data-start=\"880\" data-end=\"914\">\ud83c\udf0e \u00bfPor qu\u00e9 desde el interior?<\/h3>\n<p data-start=\"916\" data-end=\"1135\">Porque <strong data-start=\"923\" data-end=\"977\">la innovaci\u00f3n no es solo para las grandes ciudades<\/strong>.<br data-start=\"978\" data-end=\"981\" \/>Tenemos talento, tenemos ganas, y tenemos la oportunidad de construir un ecosistema de tecnolog\u00eda con identidad local, con valores y con impacto positivo.<\/p>\n<hr data-start=\"1137\" data-end=\"1140\" \/>\n<h3 data-start=\"1142\" data-end=\"1170\">\ud83d\udca1 \u00bfQu\u00e9 hacemos en 33IA?<\/h3>\n<ul data-start=\"1172\" data-end=\"1440\">\n<li data-start=\"1172\" data-end=\"1234\">\n<p data-start=\"1174\" data-end=\"1234\">Organizamos <strong data-start=\"1186\" data-end=\"1234\">charlas, talleres y capacitaciones gratuitas<\/strong><\/p>\n<\/li>\n<li data-start=\"1235\" data-end=\"1291\">\n<p data-start=\"1237\" data-end=\"1291\">Acompa\u00f1amos a empresas a incorporar IA en sus procesos<\/p>\n<\/li>\n<li data-start=\"1292\" data-end=\"1344\">\n<p data-start=\"1294\" data-end=\"1344\">Generamos contenido claro y \u00fatil sobre IA aplicada<\/p>\n<\/li>\n<li data-start=\"1345\" data-end=\"1389\">\n<p data-start=\"1347\" data-end=\"1389\">Conectamos personas, ideas y oportunidades<\/p>\n<\/li>\n<li data-start=\"1390\" data-end=\"1440\">\n<p data-start=\"1392\" data-end=\"1440\">Promovemos una visi\u00f3n de <strong data-start=\"1417\" data-end=\"1440\">tecnolog\u00eda con alma<\/strong><\/p>\n<\/li>\n<\/ul>\n<hr data-start=\"1442\" data-end=\"1445\" \/>\n<h3 data-start=\"1447\" data-end=\"1495\">\ud83e\udde0 No necesit\u00e1s ser experto en inform\u00e1tica<\/h3>\n<p data-start=\"1496\" data-end=\"1620\">Solo necesit\u00e1s tener <strong data-start=\"1517\" data-end=\"1551\">curiosidad y ganas de aprender<\/strong>.<br data-start=\"1552\" data-end=\"1555\" \/>En 33IA vas a encontrar comunidad, herramientas y acompa\u00f1amiento.<\/p>\n<hr data-start=\"1622\" data-end=\"1625\" \/>\n<p data-start=\"1627\" data-end=\"1720\"><strong data-start=\"1627\" data-end=\"1720\">Sumate al movimiento que est\u00e1 transformando Treinta y Tres desde adentro hacia el futuro.<\/strong><\/p>\n<p data-start=\"1722\" data-end=\"1877\">\ud83d\udd17 <a class=\"cursor-pointer\" href=\"https:\/\/chat.whatsapp.com\/JdNrPNUJCEgCZx0K2SDQiV\" target=\"_new\" rel=\"noopener\" data-start=\"1725\" data-end=\"1810\">Unite a nuestro grupo de WhatsApp<\/a><\/p>\n","protected":false},"excerpt":{"rendered":"<p class=\"qua-blog-post-description\">33IA es una comunidad de innovaci\u00f3n, formaci\u00f3n y acci\u00f3n tecnol\u00f3gica que nace en el departamento de Treinta y Tres con una misi\u00f3n clara:acercar la inteligencia artificial a las personas, empresas e instituciones del interior del pa\u00eds, para generar oportunidades reales de desarrollo. \ud83c\udf31 Nace desde una necesidad real En Treinta y Tres enfrentamos desaf\u00edos como [&hellip;]<\/p>\n","protected":false},"author":1,"featured_media":0,"parent":0,"menu_order":0,"comment_status":"closed","ping_status":"closed","template":"full-width.php","meta":{"footnotes":""},"class_list":["post-99","page","type-page","status-publish","hentry"],"aioseo_notices":[],"rttpg_featured_image_url":null,"rttpg_author":{"display_name":"Sergio Rebollo","author_link":"https:\/\/indata.uy\/33ia\/author\/admin-srebollo\/"},"rttpg_comment":0,"rttpg_category":null,"rttpg_excerpt":"33IA es una comunidad de innovaci\u00f3n, formaci\u00f3n y acci\u00f3n tecnol\u00f3gica que nace en el departamento de Treinta y Tres con una misi\u00f3n clara:acercar la inteligencia artificial a las personas, empresas e instituciones del interior del pa\u00eds, para generar oportunidades reales de desarrollo. \ud83c\udf31 Nace desde una necesidad real En Treinta y Tres enfrentamos desaf\u00edos como&hellip;","_links":{"self":[{"href":"https:\/\/indata.uy\/33ia\/wp-json\/wp\/v2\/pages\/99","targetHints":{"allow":["GET"]}}],"collection":[{"href":"https:\/\/indata.uy\/33ia\/wp-json\/wp\/v2\/pages"}],"about":[{"href":"https:\/\/indata.uy\/33ia\/wp-json\/wp\/v2\/types\/page"}],"author":[{"embeddable":true,"href":"https:\/\/indata.uy\/33ia\/wp-json\/wp\/v2\/users\/1"}],"replies":[{"embeddable":true,"href":"https:\/\/indata.uy\/33ia\/wp-json\/wp\/v2\/comments?post=99"}],"version-history":[{"count":2,"href":"https:\/\/indata.uy\/33ia\/wp-json\/wp\/v2\/pages\/99\/revisions"}],"predecessor-version":[{"id":102,"href":"https:\/\/indata.uy\/33ia\/wp-json\/wp\/v2\/pages\/99\/revisions\/102"}],"wp:attachment":[{"href":"https:\/\/indata.uy\/33ia\/wp-json\/wp\/v2\/media?parent=99"}],"curies":[{"name":"wp","href":"https:\/\/api.w.org\/{rel}","templated":true}]}}